{"id":1425,"date":"2023-03-01T15:50:46","date_gmt":"2023-03-01T15:50:46","guid":{"rendered":"https:\/\/piperhome.es\/els-nostres-tallers\/"},"modified":"2023-06-28T09:46:52","modified_gmt":"2023-06-28T09:46:52","slug":"els-nostres-tallers","status":"publish","type":"page","link":"https:\/\/piperhome.es\/ca\/els-nostres-tallers\/","title":{"rendered":"Els nostres tallers"},"content":{"rendered":"\t\t<div data-elementor-type=\"wp-page\" data-elementor-id=\"1425\" class=\"elementor elementor-1425 elementor-399\">\n\t\t\t\t\t\t\t\t\t<section class=\"elementor-section elementor-top-section elementor-element elementor-element-a630396 elementor-section-height-min-height elementor-section-boxed elementor-section-height-default elementor-section-items-middle\" data-id=\"a630396\" data-element_type=\"section\" data-settings=\"{&quot;jet_parallax_layout_list&quot;:[],&quot;background_background&quot;:&quot;classic&quot;}\">\n\t\t\t\t\t\t<div class=\"elementor-container elementor-column-gap-default\">\n\t\t\t\t\t<div class=\"elementor-column elementor-col-50 elementor-top-column elementor-element elementor-element-447b55f\" data-id=\"447b55f\" data-element_type=\"column\">\n\t\t\t<div class=\"elementor-widget-wrap elementor-element-populated\">\n\t\t\t\t\t\t\t\t<div class=\"elementor-element elementor-element-c3ff8dc elementor-widget elementor-widget-text-editor\" data-id=\"c3ff8dc\" data-element_type=\"widget\" data-widget_type=\"text-editor.default\">\n\t\t\t\t<div class=\"elementor-widget-container\">\n\t\t\t<style>\/*! elementor - v3.13.3 - 28-05-2023 *\/\n.elementor-widget-text-editor.elementor-drop-cap-view-stacked .elementor-drop-cap{background-color:#69727d;color:#fff}.elementor-widget-text-editor.elementor-drop-cap-view-framed .elementor-drop-cap{color:#69727d;border:3px solid;background-color:transparent}.elementor-widget-text-editor:not(.elementor-drop-cap-view-default) .elementor-drop-cap{margin-top:8px}.elementor-widget-text-editor:not(.elementor-drop-cap-view-default) .elementor-drop-cap-letter{width:1em;height:1em}.elementor-widget-text-editor .elementor-drop-cap{float:left;text-align:center;line-height:1;font-size:50px}.elementor-widget-text-editor .elementor-drop-cap-letter{display:inline-block}<\/style>\t\t\t\t<p class=\"p1\">Relaxa&#8217;t mentre deixes anar tota la teva creativitat!<\/p>\n\t\t\t\t\t\t<\/div>\n\t\t\t\t<\/div>\n\t\t\t\t<div class=\"elementor-element elementor-element-1adc860 elementor-widget elementor-widget-heading\" data-id=\"1adc860\" data-element_type=\"widget\" data-widget_type=\"heading.default\">\n\t\t\t\t<div class=\"elementor-widget-container\">\n\t\t\t<style>\/*! elementor - v3.13.3 - 28-05-2023 *\/\n.elementor-heading-title{padding:0;margin:0;line-height:1}.elementor-widget-heading .elementor-heading-title[class*=elementor-size-]>a{color:inherit;font-size:inherit;line-height:inherit}.elementor-widget-heading .elementor-heading-title.elementor-size-small{font-size:15px}.elementor-widget-heading .elementor-heading-title.elementor-size-medium{font-size:19px}.elementor-widget-heading .elementor-heading-title.elementor-size-large{font-size:29px}.elementor-widget-heading .elementor-heading-title.elementor-size-xl{font-size:39px}.elementor-widget-heading .elementor-heading-title.elementor-size-xxl{font-size:59px}<\/style><h1 class=\"elementor-heading-title elementor-size-default\">Qu\u00e8 pots aprendre amb nosaltres?<\/h1>\t\t<\/div>\n\t\t\t\t<\/div>\n\t\t\t\t<div class=\"elementor-element elementor-element-f7f271e elementor-widget elementor-widget-text-editor\" data-id=\"f7f271e\" data-element_type=\"widget\" data-widget_type=\"text-editor.default\">\n\t\t\t\t<div class=\"elementor-widget-container\">\n\t\t\t\t\t\t\t<p>Des de fa poc menys d&#8217;un any, hem posat en marxa els nostres tallers creatius. Si t&#8217;agrada l&#8217;aquarel\u00b7la i les flors, aquest \u00e9s el teu taller!<\/p>\n\t\t\t\t\t\t<\/div>\n\t\t\t\t<\/div>\n\t\t\t\t\t<\/div>\n\t\t<\/div>\n\t\t\t\t<div class=\"elementor-column elementor-col-50 elementor-top-column elementor-element elementor-element-65c639a\" data-id=\"65c639a\" data-element_type=\"column\">\n\t\t\t<div class=\"elementor-widget-wrap elementor-element-populated\">\n\t\t\t\t\t\t\t\t<div class=\"elementor-element elementor-element-7249e3c elementor-widget elementor-widget-image\" data-id=\"7249e3c\" data-element_type=\"widget\" data-widget_type=\"image.default\">\n\t\t\t\t<div class=\"elementor-widget-container\">\n\t\t\t<style>\/*! elementor - v3.13.3 - 28-05-2023 *\/\n.elementor-widget-image{text-align:center}.elementor-widget-image a{display:inline-block}.elementor-widget-image a img[src$=\".svg\"]{width:48px}.elementor-widget-image img{vertical-align:middle;display:inline-block}<\/style>\t\t\t\t\t\t\t\t\t\t\t\t<img loading=\"lazy\" decoding=\"async\" width=\"872\" height=\"872\" src=\"https:\/\/piperhome.es\/wp-content\/uploads\/2023\/03\/TALLERES-SALA-2.jpg\" class=\"attachment-large size-large wp-image-1064\" alt=\"Talleres Sala\" srcset=\"https:\/\/piperhome.es\/wp-content\/uploads\/2023\/03\/TALLERES-SALA-2.jpg 872w, https:\/\/piperhome.es\/wp-content\/uploads\/2023\/03\/TALLERES-SALA-2-300x300.jpg 300w, https:\/\/piperhome.es\/wp-content\/uploads\/2023\/03\/TALLERES-SALA-2-150x150.jpg 150w, https:\/\/piperhome.es\/wp-content\/uploads\/2023\/03\/TALLERES-SALA-2-768x768.jpg 768w, https:\/\/piperhome.es\/wp-content\/uploads\/2023\/03\/TALLERES-SALA-2-230x230.jpg 230w, https:\/\/piperhome.es\/wp-content\/uploads\/2023\/03\/TALLERES-SALA-2-400x400.jpg 400w, https:\/\/piperhome.es\/wp-content\/uploads\/2023\/03\/TALLERES-SALA-2-600x600.jpg 600w, https:\/\/piperhome.es\/wp-content\/uploads\/2023\/03\/TALLERES-SALA-2-640x640.jpg 640w, https:\/\/piperhome.es\/wp-content\/uploads\/2023\/03\/TALLERES-SALA-2-100x100.jpg 100w\" sizes=\"auto, (max-width: 872px) 100vw, 872px\" \/>\t\t\t\t\t\t\t\t\t\t\t\t\t\t\t<\/div>\n\t\t\t\t<\/div>\n\t\t\t\t\t<\/div>\n\t\t<\/div>\n\t\t\t\t\t\t\t<\/div>\n\t\t<\/section>\n\t\t\t\t<section class=\"elementor-section elementor-top-section elementor-element elementor-element-c6a5a11 elementor-section-boxed elementor-section-height-default elementor-section-height-default\" data-id=\"c6a5a11\" data-element_type=\"section\" data-settings=\"{&quot;jet_parallax_layout_list&quot;:[]}\">\n\t\t\t\t\t\t<div class=\"elementor-container elementor-column-gap-default\">\n\t\t\t\t\t<div class=\"elementor-column elementor-col-100 elementor-top-column elementor-element elementor-element-def8a10\" data-id=\"def8a10\" data-element_type=\"column\">\n\t\t\t<div class=\"elementor-widget-wrap elementor-element-populated\">\n\t\t\t\t\t\t\t\t<div class=\"elementor-element elementor-element-83ec697 elementor-widget elementor-widget-jet-listing-grid\" data-id=\"83ec697\" data-element_type=\"widget\" data-settings=\"{&quot;columns&quot;:3,&quot;columns_mobile&quot;:&quot;1&quot;}\" data-widget_type=\"jet-listing-grid.default\">\n\t\t\t\t<div class=\"elementor-widget-container\">\n\t\t\t<div class=\"jet-listing-grid jet-listing\"><div class=\"jet-listing-grid__items grid-col-desk-3 grid-col-tablet-3 grid-col-mobile-1 jet-listing-grid--1197\"  data-nav=\"{&quot;enabled&quot;:true,&quot;type&quot;:&quot;scroll&quot;,&quot;more_el&quot;:null,&quot;query&quot;:{&quot;post_status&quot;:[&quot;publish&quot;],&quot;post_type&quot;:&quot;talleres&quot;,&quot;posts_per_page&quot;:&quot;300&quot;,&quot;paged&quot;:&quot;1&quot;,&quot;ignore_sticky_posts&quot;:&quot;1&quot;,&quot;suppress_filters&quot;:false,&quot;jet_smart_filters&quot;:&quot;jet-engine\\\/default&quot;},&quot;widget_settings&quot;:{&quot;lisitng_id&quot;:1197,&quot;posts_num&quot;:300,&quot;columns&quot;:3,&quot;columns_tablet&quot;:3,&quot;columns_mobile&quot;:1,&quot;is_archive_template&quot;:&quot;&quot;,&quot;post_status&quot;:[&quot;publish&quot;],&quot;use_random_posts_num&quot;:&quot;&quot;,&quot;max_posts_num&quot;:9,&quot;not_found_message&quot;:&quot;No s'han trobat resultats&quot;,&quot;is_masonry&quot;:false,&quot;equal_columns_height&quot;:&quot;&quot;,&quot;use_load_more&quot;:&quot;yes&quot;,&quot;load_more_id&quot;:&quot;&quot;,&quot;load_more_type&quot;:&quot;scroll&quot;,&quot;load_more_offset&quot;:{&quot;unit&quot;:&quot;px&quot;,&quot;size&quot;:0,&quot;sizes&quot;:[]},&quot;use_custom_post_types&quot;:&quot;&quot;,&quot;custom_post_types&quot;:[],&quot;hide_widget_if&quot;:&quot;&quot;,&quot;carousel_enabled&quot;:&quot;&quot;,&quot;slides_to_scroll&quot;:&quot;1&quot;,&quot;arrows&quot;:&quot;true&quot;,&quot;arrow_icon&quot;:&quot;fa fa-angle-left&quot;,&quot;dots&quot;:&quot;&quot;,&quot;autoplay&quot;:&quot;true&quot;,&quot;autoplay_speed&quot;:5000,&quot;infinite&quot;:&quot;true&quot;,&quot;center_mode&quot;:&quot;&quot;,&quot;effect&quot;:&quot;slide&quot;,&quot;speed&quot;:500,&quot;inject_alternative_items&quot;:&quot;&quot;,&quot;injection_items&quot;:[],&quot;scroll_slider_enabled&quot;:&quot;&quot;,&quot;scroll_slider_on&quot;:[&quot;desktop&quot;,&quot;tablet&quot;,&quot;mobile&quot;],&quot;custom_query&quot;:false,&quot;custom_query_id&quot;:&quot;&quot;,&quot;_element_id&quot;:&quot;&quot;}}\" data-page=\"1\" data-pages=\"1\" data-listing-source=\"posts\" data-listing-id=\"1197\" data-query-id=\"\"><style>.elementor-1463 .elementor-element.elementor-element-f18de23 > .elementor-element-populated{border-style:solid;border-width:1px 1px 1px 1px;border-color:#D3D3D3;transition:background 0.3s, border 0.3s, border-radius 0.3s, box-shadow 0.3s;padding:0px 0px 0px 0px;}.elementor-1463 .elementor-element.elementor-element-f18de23 > .elementor-element-populated > .elementor-background-overlay{transition:background 0.3s, border-radius 0.3s, opacity 0.3s;}.elementor-1463 .elementor-element.elementor-element-6b69e22 .jet-listing-dynamic-image{justify-content:flex-start;}.elementor-1463 .elementor-element.elementor-element-6b69e22 > .elementor-widget-container{margin:0px 0px 0px 0px;}.elementor-1463 .elementor-element.elementor-element-995cdfa{margin-top:0px;margin-bottom:0px;}.elementor-1463 .elementor-element.elementor-element-e2460cb > .elementor-element-populated{padding:0px 20px 0px 20px;}.elementor-1463 .elementor-element.elementor-element-057d5a4 .jet-listing-dynamic-field__content{font-family:\"Lora\", Sans-serif;font-size:20px;font-weight:700;text-align:left;}.elementor-1463 .elementor-element.elementor-element-057d5a4 .jet-listing-dynamic-field .jet-listing-dynamic-field__inline-wrap{width:auto;}.elementor-1463 .elementor-element.elementor-element-057d5a4 .jet-listing-dynamic-field .jet-listing-dynamic-field__content{width:auto;}.elementor-1463 .elementor-element.elementor-element-057d5a4 .jet-listing-dynamic-field{justify-content:flex-start;}.elementor-1463 .elementor-element.elementor-element-057d5a4 > .elementor-widget-container{margin:-10px 0px 0px 0px;}.elementor-1463 .elementor-element.elementor-element-51df912 .jet-listing-dynamic-field__content{font-family:\"Open Sans\", Sans-serif;text-align:left;}.elementor-1463 .elementor-element.elementor-element-51df912 .jet-listing-dynamic-field .jet-listing-dynamic-field__inline-wrap{width:auto;}.elementor-1463 .elementor-element.elementor-element-51df912 .jet-listing-dynamic-field .jet-listing-dynamic-field__content{width:auto;}.elementor-1463 .elementor-element.elementor-element-51df912 .jet-listing-dynamic-field{justify-content:flex-start;}.elementor-1463 .elementor-element.elementor-element-8c5cb5b .jet-listing-dynamic-link__link{align-self:flex-start;font-family:\"Open Sans\", Sans-serif;font-weight:700;background-color:#FFFFFF;color:#000000;padding:10px 40px 10px 50px;border-style:solid;border-width:1px 1px 1px 1px;border-color:#000000;flex-direction:row;}.elementor-1463 .elementor-element.elementor-element-8c5cb5b .jet-listing-dynamic-link__icon{order:1;}.elementor-1463 .elementor-element.elementor-element-8c5cb5b > .elementor-widget-container{margin:0px 0px -26px 0px;}.elementor-1463 .elementor-element.elementor-element-8c5cb5b > .elementor-widget-container:hover{--e-transform-scale:1.05;}.jet-listing-item.single-jet-engine.elementor-page-1463 > .elementor{width:400px;margin-left:auto;margin-right:auto;}<\/style><div class=\"jet-listing-grid__item jet-listing-dynamic-post-1457\" data-post-id=\"1457\" >\t\t<div data-elementor-type=\"jet-listing-items\" data-elementor-id=\"1463\" class=\"elementor elementor-1463 elementor-1197\">\n\t\t\t\t\t\t\t\t\t<section class=\"elementor-section elementor-top-section elementor-element elementor-element-61058f3 elementor-section-boxed elementor-section-height-default elementor-section-height-default\" data-id=\"61058f3\" data-element_type=\"section\" data-settings=\"{&quot;jet_parallax_layout_list&quot;:[]}\">\n\t\t\t\t\t\t<div class=\"elementor-container elementor-column-gap-default\">\n\t\t\t\t\t<div class=\"elementor-column elementor-col-100 elementor-top-column elementor-element elementor-element-f18de23\" data-id=\"f18de23\" data-element_type=\"column\">\n\t\t\t<div class=\"elementor-widget-wrap elementor-element-populated\">\n\t\t\t\t\t\t\t\t<div class=\"elementor-element elementor-element-6b69e22 elementor-widget elementor-widget-jet-listing-dynamic-image\" data-id=\"6b69e22\" data-element_type=\"widget\" data-widget_type=\"jet-listing-dynamic-image.default\">\n\t\t\t\t<div class=\"elementor-widget-container\">\n\t\t\t<div class=\"jet-listing jet-listing-dynamic-image\"><img decoding=\"async\" width=\"800\" height=\"600\" src=\"https:\/\/piperhome.es\/wp-content\/uploads\/2023\/03\/portada-calabazas.webp\" class=\"jet-listing-dynamic-image__img attachment-full size-full wp-post-image\" alt=\"portada-calabazas\" srcset=\"https:\/\/piperhome.es\/wp-content\/uploads\/2023\/03\/portada-calabazas.webp 800w, https:\/\/piperhome.es\/wp-content\/uploads\/2023\/03\/portada-calabazas-300x225.webp 300w, https:\/\/piperhome.es\/wp-content\/uploads\/2023\/03\/portada-calabazas-768x576.webp 768w, https:\/\/piperhome.es\/wp-content\/uploads\/2023\/03\/portada-calabazas-600x450.webp 600w\" sizes=\"auto, (max-width: 800px) 100vw, 800px\" loading=\"lazy\" \/><\/div>\t\t<\/div>\n\t\t\t\t<\/div>\n\t\t\t\t<section class=\"elementor-section elementor-inner-section elementor-element elementor-element-995cdfa elementor-section-boxed elementor-section-height-default elementor-section-height-default\" data-id=\"995cdfa\" data-element_type=\"section\" data-settings=\"{&quot;jet_parallax_layout_list&quot;:[]}\">\n\t\t\t\t\t\t<div class=\"elementor-container elementor-column-gap-default\">\n\t\t\t\t\t<div class=\"elementor-column elementor-col-100 elementor-inner-column elementor-element elementor-element-e2460cb\" data-id=\"e2460cb\" data-element_type=\"column\">\n\t\t\t<div class=\"elementor-widget-wrap elementor-element-populated\">\n\t\t\t\t\t\t\t\t<div class=\"elementor-element elementor-element-057d5a4 elementor-widget elementor-widget-jet-listing-dynamic-field\" data-id=\"057d5a4\" data-element_type=\"widget\" data-widget_type=\"jet-listing-dynamic-field.default\">\n\t\t\t\t<div class=\"elementor-widget-container\">\n\t\t\t<div class=\"jet-listing jet-listing-dynamic-field display-inline\"><div class=\"jet-listing-dynamic-field__inline-wrap\"><div class=\"jet-listing-dynamic-field__content\">Taller Carbasses<\/div><\/div><\/div>\t\t<\/div>\n\t\t\t\t<\/div>\n\t\t\t\t<div class=\"elementor-element elementor-element-8c5cb5b e-transform e-transform elementor-widget elementor-widget-jet-listing-dynamic-link\" data-id=\"8c5cb5b\" data-element_type=\"widget\" data-settings=\"{&quot;_transform_scale_effect_hover&quot;:{&quot;unit&quot;:&quot;px&quot;,&quot;size&quot;:1.0500000000000000444089209850062616169452667236328125,&quot;sizes&quot;:[]}}\" data-widget_type=\"jet-listing-dynamic-link.default\">\n\t\t\t\t<div class=\"elementor-widget-container\">\n\t\t\t<div class=\"jet-listing jet-listing-dynamic-link\"><a href=\"https:\/\/piperhome.es\/ca\/talleres\/taller-carbasses\/\" class=\"jet-listing-dynamic-link__link\"><span class=\"jet-listing-dynamic-link__label\">Seguir llegint<\/span><\/a><\/div>\t\t<\/div>\n\t\t\t\t<\/div>\n\t\t\t\t\t<\/div>\n\t\t<\/div>\n\t\t\t\t\t\t\t<\/div>\n\t\t<\/section>\n\t\t\t\t\t<\/div>\n\t\t<\/div>\n\t\t\t\t\t\t\t<\/div>\n\t\t<\/section>\n\t\t\t\t\t\t\t<\/div>\n\t\t<\/div><div class=\"jet-listing-grid__item jet-listing-dynamic-post-1458\" data-post-id=\"1458\" >\t\t<div data-elementor-type=\"jet-listing-items\" data-elementor-id=\"1463\" class=\"elementor elementor-1463 elementor-1197\">\n\t\t\t\t\t\t\t\t\t<section class=\"elementor-section elementor-top-section elementor-element elementor-element-61058f3 elementor-section-boxed elementor-section-height-default elementor-section-height-default\" data-id=\"61058f3\" data-element_type=\"section\" data-settings=\"{&quot;jet_parallax_layout_list&quot;:[]}\">\n\t\t\t\t\t\t<div class=\"elementor-container elementor-column-gap-default\">\n\t\t\t\t\t<div class=\"elementor-column elementor-col-100 elementor-top-column elementor-element elementor-element-f18de23\" data-id=\"f18de23\" data-element_type=\"column\">\n\t\t\t<div class=\"elementor-widget-wrap elementor-element-populated\">\n\t\t\t\t\t\t\t\t<div class=\"elementor-element elementor-element-6b69e22 elementor-widget elementor-widget-jet-listing-dynamic-image\" data-id=\"6b69e22\" data-element_type=\"widget\" data-widget_type=\"jet-listing-dynamic-image.default\">\n\t\t\t\t<div class=\"elementor-widget-container\">\n\t\t\t<div class=\"jet-listing jet-listing-dynamic-image\"><img decoding=\"async\" width=\"800\" height=\"600\" src=\"https:\/\/piperhome.es\/wp-content\/uploads\/2023\/03\/acuarela.webp\" class=\"jet-listing-dynamic-image__img attachment-full size-full wp-post-image\" alt=\"acuarela\" srcset=\"https:\/\/piperhome.es\/wp-content\/uploads\/2023\/03\/acuarela.webp 800w, https:\/\/piperhome.es\/wp-content\/uploads\/2023\/03\/acuarela-300x225.webp 300w, https:\/\/piperhome.es\/wp-content\/uploads\/2023\/03\/acuarela-768x576.webp 768w, https:\/\/piperhome.es\/wp-content\/uploads\/2023\/03\/acuarela-600x450.webp 600w\" sizes=\"auto, (max-width: 800px) 100vw, 800px\" loading=\"lazy\" \/><\/div>\t\t<\/div>\n\t\t\t\t<\/div>\n\t\t\t\t<section class=\"elementor-section elementor-inner-section elementor-element elementor-element-995cdfa elementor-section-boxed elementor-section-height-default elementor-section-height-default\" data-id=\"995cdfa\" data-element_type=\"section\" data-settings=\"{&quot;jet_parallax_layout_list&quot;:[]}\">\n\t\t\t\t\t\t<div class=\"elementor-container elementor-column-gap-default\">\n\t\t\t\t\t<div class=\"elementor-column elementor-col-100 elementor-inner-column elementor-element elementor-element-e2460cb\" data-id=\"e2460cb\" data-element_type=\"column\">\n\t\t\t<div class=\"elementor-widget-wrap elementor-element-populated\">\n\t\t\t\t\t\t\t\t<div class=\"elementor-element elementor-element-057d5a4 elementor-widget elementor-widget-jet-listing-dynamic-field\" data-id=\"057d5a4\" data-element_type=\"widget\" data-widget_type=\"jet-listing-dynamic-field.default\">\n\t\t\t\t<div class=\"elementor-widget-container\">\n\t\t\t<div class=\"jet-listing jet-listing-dynamic-field display-inline\"><div class=\"jet-listing-dynamic-field__inline-wrap\"><div class=\"jet-listing-dynamic-field__content\">Taller Aquarel\u00b7la<\/div><\/div><\/div>\t\t<\/div>\n\t\t\t\t<\/div>\n\t\t\t\t<div class=\"elementor-element elementor-element-8c5cb5b e-transform e-transform elementor-widget elementor-widget-jet-listing-dynamic-link\" data-id=\"8c5cb5b\" data-element_type=\"widget\" data-settings=\"{&quot;_transform_scale_effect_hover&quot;:{&quot;unit&quot;:&quot;px&quot;,&quot;size&quot;:1.0500000000000000444089209850062616169452667236328125,&quot;sizes&quot;:[]}}\" data-widget_type=\"jet-listing-dynamic-link.default\">\n\t\t\t\t<div class=\"elementor-widget-container\">\n\t\t\t<div class=\"jet-listing jet-listing-dynamic-link\"><a href=\"https:\/\/piperhome.es\/ca\/talleres\/taller-aquarella\/\" class=\"jet-listing-dynamic-link__link\"><span class=\"jet-listing-dynamic-link__label\">Seguir llegint<\/span><\/a><\/div>\t\t<\/div>\n\t\t\t\t<\/div>\n\t\t\t\t\t<\/div>\n\t\t<\/div>\n\t\t\t\t\t\t\t<\/div>\n\t\t<\/section>\n\t\t\t\t\t<\/div>\n\t\t<\/div>\n\t\t\t\t\t\t\t<\/div>\n\t\t<\/section>\n\t\t\t\t\t\t\t<\/div>\n\t\t<\/div><\/div><\/div>\t\t<\/div>\n\t\t\t\t<\/div>\n\t\t\t\t\t<\/div>\n\t\t<\/div>\n\t\t\t\t\t\t\t<\/div>\n\t\t<\/section>\n\t\t\t\t\t\t\t<\/div>\n\t\t","protected":false},"excerpt":{"rendered":"<p>Relaxa&#8217;t mentre deixes anar tota la teva creativitat! Qu\u00e8 pots aprendre amb nosaltres? Des de fa poc menys d&#8217;un any, hem posat en marxa els nostres tallers creatius. Si t&#8217;agrada l&#8217;aquarel\u00b7la i les flors, aquest \u00e9s el teu taller! abril 13, 2023 Taller Calabazas Leer M\u00e1s abril 13, 2023 Taller Acuarela Leer M\u00e1s<\/p>\n","protected":false},"author":1,"featured_media":0,"parent":0,"menu_order":0,"comment_status":"closed","ping_status":"closed","template":"elementor_header_footer","meta":{"footnotes":""},"class_list":["post-1425","page","type-page","status-publish","hentry"],"yoast_head":"<!-- This site is optimized with the Yoast SEO plugin v20.8 - https:\/\/yoast.com\/wordpress\/plugins\/seo\/ -->\n<title>Tallers a Barcelona | PIPER HOME<\/title>\n<meta name=\"description\" content=\"En els nostres tallers a Barcelona aprendr\u00e0s a fer peces decoratives a m\u00e0 per donar un toc especial a la teva llar. Apunta&#039;t i apr\u00e8n a crear amb nosaltres!\" \/>\n<meta name=\"robots\" content=\"index, follow, max-snippet:-1, max-image-preview:large, max-video-preview:-1\" \/>\n<link rel=\"canonical\" href=\"https:\/\/piperhome.es\/ca\/els-nostres-tallers\/\" \/>\n<meta property=\"og:locale\" content=\"ca_ES\" \/>\n<meta property=\"og:type\" content=\"article\" \/>\n<meta property=\"og:title\" content=\"Tallers a Barcelona | PIPER HOME\" \/>\n<meta property=\"og:description\" content=\"En els nostres tallers a Barcelona aprendr\u00e0s a fer peces decoratives a m\u00e0 per donar un toc especial a la teva llar. Apunta&#039;t i apr\u00e8n a crear amb nosaltres!\" \/>\n<meta property=\"og:url\" content=\"https:\/\/piperhome.es\/ca\/els-nostres-tallers\/\" \/>\n<meta property=\"og:site_name\" content=\"Piper Home\" \/>\n<meta property=\"article:modified_time\" content=\"2023-06-28T09:46:52+00:00\" \/>\n<meta property=\"og:image\" content=\"https:\/\/piperhome.es\/wp-content\/uploads\/2023\/03\/TALLERES-SALA-2.jpg\" \/>\n<meta name=\"twitter:card\" content=\"summary_large_image\" \/>\n<script type=\"application\/ld+json\" class=\"yoast-schema-graph\">{\"@context\":\"https:\/\/schema.org\",\"@graph\":[{\"@type\":\"WebPage\",\"@id\":\"https:\/\/piperhome.es\/ca\/els-nostres-tallers\/\",\"url\":\"https:\/\/piperhome.es\/ca\/els-nostres-tallers\/\",\"name\":\"Tallers a Barcelona | PIPER HOME\",\"isPartOf\":{\"@id\":\"https:\/\/piperhome.es\/ca\/#website\"},\"datePublished\":\"2023-03-01T15:50:46+00:00\",\"dateModified\":\"2023-06-28T09:46:52+00:00\",\"description\":\"En els nostres tallers a Barcelona aprendr\u00e0s a fer peces decoratives a m\u00e0 per donar un toc especial a la teva llar. Apunta't i apr\u00e8n a crear amb nosaltres!\",\"breadcrumb\":{\"@id\":\"https:\/\/piperhome.es\/ca\/els-nostres-tallers\/#breadcrumb\"},\"inLanguage\":\"ca\",\"potentialAction\":[{\"@type\":\"ReadAction\",\"target\":[\"https:\/\/piperhome.es\/ca\/els-nostres-tallers\/\"]}]},{\"@type\":\"BreadcrumbList\",\"@id\":\"https:\/\/piperhome.es\/ca\/els-nostres-tallers\/#breadcrumb\",\"itemListElement\":[{\"@type\":\"ListItem\",\"position\":1,\"name\":\"Portada\",\"item\":\"https:\/\/piperhome.es\/ca\/inici\/\"},{\"@type\":\"ListItem\",\"position\":2,\"name\":\"Els nostres tallers\"}]},{\"@type\":\"WebSite\",\"@id\":\"https:\/\/piperhome.es\/ca\/#website\",\"url\":\"https:\/\/piperhome.es\/ca\/\",\"name\":\"Piper Home\",\"description\":\"Tienda de decoraci\u00f3n de hogar en Barcelona | PIPER HOME\",\"potentialAction\":[{\"@type\":\"SearchAction\",\"target\":{\"@type\":\"EntryPoint\",\"urlTemplate\":\"https:\/\/piperhome.es\/ca\/?s={search_term_string}\"},\"query-input\":\"required name=search_term_string\"}],\"inLanguage\":\"ca\"}]}<\/script>\n<!-- \/ Yoast SEO plugin. -->","yoast_head_json":{"title":"Tallers a Barcelona | PIPER HOME","description":"En els nostres tallers a Barcelona aprendr\u00e0s a fer peces decoratives a m\u00e0 per donar un toc especial a la teva llar. Apunta't i apr\u00e8n a crear amb nosaltres!","robots":{"index":"index","follow":"follow","max-snippet":"max-snippet:-1","max-image-preview":"max-image-preview:large","max-video-preview":"max-video-preview:-1"},"canonical":"https:\/\/piperhome.es\/ca\/els-nostres-tallers\/","og_locale":"ca_ES","og_type":"article","og_title":"Tallers a Barcelona | PIPER HOME","og_description":"En els nostres tallers a Barcelona aprendr\u00e0s a fer peces decoratives a m\u00e0 per donar un toc especial a la teva llar. Apunta't i apr\u00e8n a crear amb nosaltres!","og_url":"https:\/\/piperhome.es\/ca\/els-nostres-tallers\/","og_site_name":"Piper Home","article_modified_time":"2023-06-28T09:46:52+00:00","og_image":[{"url":"https:\/\/piperhome.es\/wp-content\/uploads\/2023\/03\/TALLERES-SALA-2.jpg"}],"twitter_card":"summary_large_image","schema":{"@context":"https:\/\/schema.org","@graph":[{"@type":"WebPage","@id":"https:\/\/piperhome.es\/ca\/els-nostres-tallers\/","url":"https:\/\/piperhome.es\/ca\/els-nostres-tallers\/","name":"Tallers a Barcelona | PIPER HOME","isPartOf":{"@id":"https:\/\/piperhome.es\/ca\/#website"},"datePublished":"2023-03-01T15:50:46+00:00","dateModified":"2023-06-28T09:46:52+00:00","description":"En els nostres tallers a Barcelona aprendr\u00e0s a fer peces decoratives a m\u00e0 per donar un toc especial a la teva llar. Apunta't i apr\u00e8n a crear amb nosaltres!","breadcrumb":{"@id":"https:\/\/piperhome.es\/ca\/els-nostres-tallers\/#breadcrumb"},"inLanguage":"ca","potentialAction":[{"@type":"ReadAction","target":["https:\/\/piperhome.es\/ca\/els-nostres-tallers\/"]}]},{"@type":"BreadcrumbList","@id":"https:\/\/piperhome.es\/ca\/els-nostres-tallers\/#breadcrumb","itemListElement":[{"@type":"ListItem","position":1,"name":"Portada","item":"https:\/\/piperhome.es\/ca\/inici\/"},{"@type":"ListItem","position":2,"name":"Els nostres tallers"}]},{"@type":"WebSite","@id":"https:\/\/piperhome.es\/ca\/#website","url":"https:\/\/piperhome.es\/ca\/","name":"Piper Home","description":"Tienda de decoraci\u00f3n de hogar en Barcelona | PIPER HOME","potentialAction":[{"@type":"SearchAction","target":{"@type":"EntryPoint","urlTemplate":"https:\/\/piperhome.es\/ca\/?s={search_term_string}"},"query-input":"required name=search_term_string"}],"inLanguage":"ca"}]}},"_links":{"self":[{"href":"https:\/\/piperhome.es\/ca\/wp-json\/wp\/v2\/pages\/1425","targetHints":{"allow":["GET"]}}],"collection":[{"href":"https:\/\/piperhome.es\/ca\/wp-json\/wp\/v2\/pages"}],"about":[{"href":"https:\/\/piperhome.es\/ca\/wp-json\/wp\/v2\/types\/page"}],"author":[{"embeddable":true,"href":"https:\/\/piperhome.es\/ca\/wp-json\/wp\/v2\/users\/1"}],"replies":[{"embeddable":true,"href":"https:\/\/piperhome.es\/ca\/wp-json\/wp\/v2\/comments?post=1425"}],"version-history":[{"count":1,"href":"https:\/\/piperhome.es\/ca\/wp-json\/wp\/v2\/pages\/1425\/revisions"}],"predecessor-version":[{"id":1426,"href":"https:\/\/piperhome.es\/ca\/wp-json\/wp\/v2\/pages\/1425\/revisions\/1426"}],"wp:attachment":[{"href":"https:\/\/piperhome.es\/ca\/wp-json\/wp\/v2\/media?parent=1425"}],"curies":[{"name":"wp","href":"https:\/\/api.w.org\/{rel}","templated":true}]}}