{"id":1437,"date":"2022-03-23T16:00:37","date_gmt":"2022-03-23T16:00:37","guid":{"rendered":"https:\/\/piperhome.es\/politica-de-privacitat\/"},"modified":"2023-06-28T10:36:14","modified_gmt":"2023-06-28T10:36:14","slug":"politica-de-privacitat","status":"publish","type":"page","link":"https:\/\/piperhome.es\/ca\/politica-de-privacitat\/","title":{"rendered":"Pol\u00edtica de Privacitat"},"content":{"rendered":"\n<p><strong>POL\u00cdTICA DE PRIVACITAT<\/strong><\/p>\n\n\n\n<p><strong>Art. 1 Regles de confidencialitat<\/strong><br>El Reglament General de Protecci\u00f3 de Dades de 27 d&#8217;abril de 2016 (\u00abRGPD\u00bb, des d&#8217;ara GDPR, que significa el General Data Protection Regulation) s&#8217;aplica des del 25 de maig de 2018. Imposa regles i condicions estrictes per a les empreses, dins de l&#8217;\u00e0mbit del processament de dades personals dels seus clients i prospectes, i aix\u00f2 amb la finalitat de protegir la seva privacitat.<\/p>\n\n\n\n<p>Per aquest motiu pretenem proporcionar-li informaci\u00f3 clara i precisa sobre el processament de les seves dades personals.<\/p>\n\n\n\n<p><strong>Art. 2 El responsable del tractament<\/strong><br>El responsable del tractament de les seves dades personals \u00e9s la persona a c\u00e0rrec del lloc web que va utilitzar i al qual li va comunicar les dades temps enrere.<\/p>\n\n\n\n<p><strong>Art. 3 Base legal del tractament de dades i de la seva utilitzaci\u00f3<\/strong><br>Nom\u00e9s podem utilitzar les seves dades personals per a fins leg\u00edtims i necessaris (Article 6 de la GDPR). Aix\u00f2 significa, a efectes pr\u00e0ctics, que processem les seves dades personals, ja sigui en format electr\u00f2nic o no, per a fins leg\u00edtims en el context de la relaci\u00f3 contractual, comercial i de seguretat. Aquests prop\u00f2sits inclouen, entre d&#8217;altres, els seg\u00fcents:<\/p>\n\n\n\n<ul class=\"wp-block-list\">\n<li>Comunicaci\u00f3 d&#8217;informaci\u00f3, ofertes i prospectes<\/li>\n\n\n\n<li>Comunicacions en relaci\u00f3 amb l&#8217;execuci\u00f3 d&#8217;un contracte<\/li>\n<\/ul>\n\n\n\n<p><strong>Art. 4 Qu\u00e8 representa una dada personal?<\/strong><br>Les dades personals inclouen tota la informaci\u00f3 que li concerneix i sobre la base de la qual pot ser identificat. Les dades an\u00f2nimes, que no l\u00b4identifiquen, no es consideren dades personals. Les seves dades personals poden, per tant, incloure:<\/p>\n\n\n\n<ul class=\"wp-block-list\">\n<li>Dades relacionades amb la seva identitat (cognom, nom, adre\u00e7a, NIF, etc.);<\/li>\n\n\n\n<li>Dades relacionades amb la seva persona (n\u00famero de tel\u00e8fon, correu electr\u00f2nic personal, etc.);<\/li>\n\n\n\n<li>Dades financeres (n\u00famero de compte bancari, detalls de facturaci\u00f3, etc.);<\/li>\n\n\n\n<li>Dades relacionades amb l&#8217;execuci\u00f3 del contracte celebrat amb nosaltres (objecte del contracte, adre\u00e7a de facturaci\u00f3, dades professionals, etc.);<\/li>\n\n\n\n<li>Dades relacionades amb l&#8217;\u00fas d&#8217;equips electr\u00f2nics, com ordinadors (contrasenyes, dades de registre, dades d&#8217;identificaci\u00f3 electr\u00f2nica, detalls de facturaci\u00f3, etc.);<\/li>\n<\/ul>\n\n\n\n<p>Dades de car\u00e0cter sensible:<br>El processament de dades personals que revelen l&#8217;origen racial o \u00e8tnic, les opinions pol\u00edtiques, creences religioses o filos\u00f2fiques, aix\u00ed com el processament de dades gen\u00e8tiques, dades biom\u00e8triques per tal d&#8217;identificar de forma \u00fanica a una persona f\u00edsica, dades sobre la vida sexual o orientaci\u00f3 sexual d&#8217;una persona f\u00edsica est\u00e0 prohibit. Estem compromesos a complir estrictament amb aquesta prohibici\u00f3.<\/p>\n\n\n\n<p><strong>Com fem servir la seva informaci\u00f3?<br>Amb qui compartim la seva informaci\u00f3?<\/strong><\/p>\n\n\n\n<p><strong>Art. 5 Font i origen de les dades de car\u00e0cter personal<\/strong><br>Normalment, les dades que tenim provenen directament de vost\u00e8.<br>Si no t\u00e9 la intenci\u00f3 de proporcionar-nos la informaci\u00f3 requerida o necess\u00e0ria, pot perdre el benefici de certs avantatges i\/o podem decidir acabar els serveis que tenim amb vost\u00e8.<\/p>\n\n\n\n<p><strong>Art. 6 Acc\u00e9s a les dades de car\u00e0cter personal<\/strong><br>Les seves dades s\u00f3n principalment per a \u00fas intern. Per certs motius leg\u00edtims, les seves dades personals poden ser divulgades o, fins i tot, processades per tercers.<\/p>\n\n\n\n<p>No obstant aix\u00f2, assegurarem el compliment de les normes GDPR per part dels nostres subcontractistes. El processament de dades per part d&#8217;aquests \u00faltim es regeix per un marc legal estricte.<\/p>\n\n\n\n<p><strong>Art. 7 Durada de la conservaci\u00f3 de les dades<\/strong><br>Posem els mitjans necessaris per garantir que la retenci\u00f3 de dades personals per a les finalitats descrites anteriorment no excedeixi els per\u00edodes legals.<\/p>\n\n\n\n<p><strong>Art. 8 Quins s\u00f3n els seus drets?<\/strong><br>Ens comprometem a prendre les mesures t\u00e8cniques i organitzatives apropiades per garantir la seguretat del processament de les dades personals de cadascun dels nostres clients (Article 32 de la GDPR).<\/p>\n\n\n\n<ul class=\"wp-block-list\">\n<li>Dret d&#8217;acc\u00e9s (Article 15 de la GDPR)<\/li>\n\n\n\n<li>Dret de rectificaci\u00f3 (Article 16 GDPR)<\/li>\n\n\n\n<li>Dret a ser oblidat (Article 17 de la GDPR) i Dret a la limitaci\u00f3 del tractament de les dades (Article 18 de la GDPR)<\/li>\n<\/ul>\n\n\n\n<p>Atorguem a tots el dret d&#8217;accedir a les seves pr\u00f2pies dades personals i el dret d&#8217;obtenir o fer una c\u00f2pia raonable dels mateixos. Reconeixem la possibilitat de sol\u00b7licitar la rectificaci\u00f3 de dades err\u00f2nies. Ens comprometem a atorgar-li la eliminaci\u00f3 de les seves dades personals, particularment en els seg\u00fcents casos:<\/p>\n\n\n\n<ul class=\"wp-block-list\">\n<li>Dades que ja no s\u00f3n necess\u00e0ries per als fins per als quals van ser recopilades o processades.<\/li>\n\n\n\n<li>Vost\u00e8 s&#8217;oposa al tractament de les seves dades.<\/li>\n\n\n\n<li>Les dades personals han estat subjectes a un processament il\u00b7legal de les mateixes.<\/li>\n\n\n\n<li>Dret a presentar una reclamaci\u00f3 (Article 77 de la GDPR)<\/li>\n<\/ul>\n\n\n\n<p>El client t\u00e9 dret a presentar una reclamaci\u00f3 davant l&#8217;Ag\u00e8ncia Espanyola de Protecci\u00f3 de Dades en qualsevol moment si considera que el processament de les seves dades personals constitueix una violaci\u00f3 de GDPR.<\/p>\n\n\n\n<p><strong>Art. 9 El nostre comprom\u00eds<\/strong><br>El nostre objectiu \u00e9s implementar processos de seguretat per protegir les dades emmagatzemades contra l&#8217;acc\u00e9s no autoritzat, l&#8217;\u00fas indegut, la manipulaci\u00f3, la destrucci\u00f3 il\u00b7legal o accidental i la p\u00e8rdua accidental.<\/p>\n\n\n\n<p><strong>Art. 10 Procediment en cas de violaci\u00f3<\/strong><br>Sempre hi ha la possibilitat que les dades personals processades en el context de la relaci\u00f3 contractual caiguin en mans equivocades com a resultat d&#8217;un error hum\u00e0, inform\u00e0tic, etc. Quan la violaci\u00f3 suposi un alt risc per als drets i llibertats de les persones, l&#8217;informarem immediatament sobre els fets i les mesures considerades per resoldre el problema. Ens assegurarem que es notifiqui a l&#8217;Ag\u00e8ncia Espanyola de Protecci\u00f3 de Dades dins de les 72 hores posteriors a la notificaci\u00f3 de la violaci\u00f3 en q\u00fcesti\u00f3, llevat que la violaci\u00f3 no suposi un alt risc per als drets i llibertats de les persones. (Articles 32-34 del GDPR).<\/p>\n\n\n\n<p>La seva acceptaci\u00f3:<\/p>\n\n\n\n<p><strong>Art. 11. Consentiment<\/strong> Vost\u00e8 d\u00f3na el seu consentiment expr\u00e9s i inequ\u00edvoc per al processament de dades personals segons es descriu en aquesta pol\u00edtica de privacitat. Vost\u00e8 t\u00e9 el dret de retirar el seu consentiment en qualsevol moment pr\u00e8via sol\u00b7licitud per escrit.<br>Ens reservem el dret de modificar aquesta Pol\u00edtica de Privacitat.<\/p>\n","protected":false},"excerpt":{"rendered":"<p>POL\u00cdTICA DE PRIVACITAT Art. 1 Regles de confidencialitatEl Reglament General de Protecci\u00f3 de Dades de 27 d&#8217;abril de 2016 (\u00abRGPD\u00bb, des d&#8217;ara GDPR, que significa el General Data Protection Regulation) s&#8217;aplica des del 25 de maig de 2018. Imposa regles i condicions estrictes per a les empreses, dins de l&#8217;\u00e0mbit del processament de dades personals [&hellip;]<\/p>\n","protected":false},"author":1,"featured_media":0,"parent":0,"menu_order":0,"comment_status":"closed","ping_status":"closed","template":"","meta":{"footnotes":""},"class_list":["post-1437","page","type-page","status-publish","hentry"],"yoast_head":"<!-- This site is optimized with the Yoast SEO plugin v20.8 - https:\/\/yoast.com\/wordpress\/plugins\/seo\/ -->\n<title>Pol\u00edtica de Privacitat - Piper Home<\/title>\n<meta name=\"robots\" content=\"index, follow, max-snippet:-1, max-image-preview:large, max-video-preview:-1\" \/>\n<link rel=\"canonical\" href=\"https:\/\/piperhome.es\/ca\/politica-de-privacitat\/\" \/>\n<meta property=\"og:locale\" content=\"ca_ES\" \/>\n<meta property=\"og:type\" content=\"article\" \/>\n<meta property=\"og:title\" content=\"Pol\u00edtica de Privacitat - Piper Home\" \/>\n<meta property=\"og:description\" content=\"POL\u00cdTICA DE PRIVACITAT Art. 1 Regles de confidencialitatEl Reglament General de Protecci\u00f3 de Dades de 27 d&#8217;abril de 2016 (\u00abRGPD\u00bb, des d&#8217;ara GDPR, que significa el General Data Protection Regulation) s&#8217;aplica des del 25 de maig de 2018. Imposa regles i condicions estrictes per a les empreses, dins de l&#8217;\u00e0mbit del processament de dades personals [&hellip;]\" \/>\n<meta property=\"og:url\" content=\"https:\/\/piperhome.es\/ca\/politica-de-privacitat\/\" \/>\n<meta property=\"og:site_name\" content=\"Piper Home\" \/>\n<meta property=\"article:modified_time\" content=\"2023-06-28T10:36:14+00:00\" \/>\n<meta name=\"twitter:card\" content=\"summary_large_image\" \/>\n<meta name=\"twitter:label1\" content=\"Temps estimat de lectura\" \/>\n\t<meta name=\"twitter:data1\" content=\"5 minuts\" \/>\n<script type=\"application\/ld+json\" class=\"yoast-schema-graph\">{\"@context\":\"https:\/\/schema.org\",\"@graph\":[{\"@type\":\"WebPage\",\"@id\":\"https:\/\/piperhome.es\/ca\/politica-de-privacitat\/\",\"url\":\"https:\/\/piperhome.es\/ca\/politica-de-privacitat\/\",\"name\":\"Pol\u00edtica de Privacitat - Piper Home\",\"isPartOf\":{\"@id\":\"https:\/\/piperhome.es\/ca\/#website\"},\"datePublished\":\"2022-03-23T16:00:37+00:00\",\"dateModified\":\"2023-06-28T10:36:14+00:00\",\"breadcrumb\":{\"@id\":\"https:\/\/piperhome.es\/ca\/politica-de-privacitat\/#breadcrumb\"},\"inLanguage\":\"ca\",\"potentialAction\":[{\"@type\":\"ReadAction\",\"target\":[\"https:\/\/piperhome.es\/ca\/politica-de-privacitat\/\"]}]},{\"@type\":\"BreadcrumbList\",\"@id\":\"https:\/\/piperhome.es\/ca\/politica-de-privacitat\/#breadcrumb\",\"itemListElement\":[{\"@type\":\"ListItem\",\"position\":1,\"name\":\"Portada\",\"item\":\"https:\/\/piperhome.es\/ca\/inici\/\"},{\"@type\":\"ListItem\",\"position\":2,\"name\":\"Pol\u00edtica de Privacitat\"}]},{\"@type\":\"WebSite\",\"@id\":\"https:\/\/piperhome.es\/ca\/#website\",\"url\":\"https:\/\/piperhome.es\/ca\/\",\"name\":\"Piper Home\",\"description\":\"Tienda de decoraci\u00f3n de hogar en Barcelona | PIPER HOME\",\"potentialAction\":[{\"@type\":\"SearchAction\",\"target\":{\"@type\":\"EntryPoint\",\"urlTemplate\":\"https:\/\/piperhome.es\/ca\/?s={search_term_string}\"},\"query-input\":\"required name=search_term_string\"}],\"inLanguage\":\"ca\"}]}<\/script>\n<!-- \/ Yoast SEO plugin. -->","yoast_head_json":{"title":"Pol\u00edtica de Privacitat - Piper Home","robots":{"index":"index","follow":"follow","max-snippet":"max-snippet:-1","max-image-preview":"max-image-preview:large","max-video-preview":"max-video-preview:-1"},"canonical":"https:\/\/piperhome.es\/ca\/politica-de-privacitat\/","og_locale":"ca_ES","og_type":"article","og_title":"Pol\u00edtica de Privacitat - Piper Home","og_description":"POL\u00cdTICA DE PRIVACITAT Art. 1 Regles de confidencialitatEl Reglament General de Protecci\u00f3 de Dades de 27 d&#8217;abril de 2016 (\u00abRGPD\u00bb, des d&#8217;ara GDPR, que significa el General Data Protection Regulation) s&#8217;aplica des del 25 de maig de 2018. Imposa regles i condicions estrictes per a les empreses, dins de l&#8217;\u00e0mbit del processament de dades personals [&hellip;]","og_url":"https:\/\/piperhome.es\/ca\/politica-de-privacitat\/","og_site_name":"Piper Home","article_modified_time":"2023-06-28T10:36:14+00:00","twitter_card":"summary_large_image","twitter_misc":{"Temps estimat de lectura":"5 minuts"},"schema":{"@context":"https:\/\/schema.org","@graph":[{"@type":"WebPage","@id":"https:\/\/piperhome.es\/ca\/politica-de-privacitat\/","url":"https:\/\/piperhome.es\/ca\/politica-de-privacitat\/","name":"Pol\u00edtica de Privacitat - Piper Home","isPartOf":{"@id":"https:\/\/piperhome.es\/ca\/#website"},"datePublished":"2022-03-23T16:00:37+00:00","dateModified":"2023-06-28T10:36:14+00:00","breadcrumb":{"@id":"https:\/\/piperhome.es\/ca\/politica-de-privacitat\/#breadcrumb"},"inLanguage":"ca","potentialAction":[{"@type":"ReadAction","target":["https:\/\/piperhome.es\/ca\/politica-de-privacitat\/"]}]},{"@type":"BreadcrumbList","@id":"https:\/\/piperhome.es\/ca\/politica-de-privacitat\/#breadcrumb","itemListElement":[{"@type":"ListItem","position":1,"name":"Portada","item":"https:\/\/piperhome.es\/ca\/inici\/"},{"@type":"ListItem","position":2,"name":"Pol\u00edtica de Privacitat"}]},{"@type":"WebSite","@id":"https:\/\/piperhome.es\/ca\/#website","url":"https:\/\/piperhome.es\/ca\/","name":"Piper Home","description":"Tienda de decoraci\u00f3n de hogar en Barcelona | PIPER HOME","potentialAction":[{"@type":"SearchAction","target":{"@type":"EntryPoint","urlTemplate":"https:\/\/piperhome.es\/ca\/?s={search_term_string}"},"query-input":"required name=search_term_string"}],"inLanguage":"ca"}]}},"_links":{"self":[{"href":"https:\/\/piperhome.es\/ca\/wp-json\/wp\/v2\/pages\/1437","targetHints":{"allow":["GET"]}}],"collection":[{"href":"https:\/\/piperhome.es\/ca\/wp-json\/wp\/v2\/pages"}],"about":[{"href":"https:\/\/piperhome.es\/ca\/wp-json\/wp\/v2\/types\/page"}],"author":[{"embeddable":true,"href":"https:\/\/piperhome.es\/ca\/wp-json\/wp\/v2\/users\/1"}],"replies":[{"embeddable":true,"href":"https:\/\/piperhome.es\/ca\/wp-json\/wp\/v2\/comments?post=1437"}],"version-history":[{"count":2,"href":"https:\/\/piperhome.es\/ca\/wp-json\/wp\/v2\/pages\/1437\/revisions"}],"predecessor-version":[{"id":1441,"href":"https:\/\/piperhome.es\/ca\/wp-json\/wp\/v2\/pages\/1437\/revisions\/1441"}],"wp:attachment":[{"href":"https:\/\/piperhome.es\/ca\/wp-json\/wp\/v2\/media?parent=1437"}],"curies":[{"name":"wp","href":"https:\/\/api.w.org\/{rel}","templated":true}]}}